{"id":431,"date":"2026-01-09T20:30:03","date_gmt":"2026-01-09T20:30:03","guid":{"rendered":"https:\/\/majobikft.hu\/?page_id=431"},"modified":"2026-01-09T20:40:33","modified_gmt":"2026-01-09T20:40:33","slug":"eu-palyazataink","status":"publish","type":"page","link":"https:\/\/majobikft.hu\/?page_id=431","title":{"rendered":"EU p\u00e1ly\u00e1zataink"},"content":{"rendered":"\t\t<div data-elementor-type=\"wp-page\" data-elementor-id=\"431\" class=\"elementor elementor-431\" data-elementor-post-type=\"page\">\n\t\t\t\t<div class=\"elementor-element elementor-element-c16112e e-con-full e-flex e-con e-parent\" data-id=\"c16112e\" data-element_type=\"container\">\n\t\t\t\t<div class=\"elementor-element elementor-element-e3409ad elementor-widget elementor-widget-image\" data-id=\"e3409ad\" data-element_type=\"widget\" data-widget_type=\"image.default\">\n\t\t\t\t\t\t\t\t\t\t\t\t\t\t\t<img fetchpriority=\"high\" decoding=\"async\" width=\"1024\" height=\"306\" src=\"https:\/\/majobikft.hu\/wp-content\/uploads\/2026\/01\/kedvezmenyezetti-infoblokk-keretes-2-1024x306.jpg\" class=\"attachment-large size-large wp-image-435\" alt=\"\" srcset=\"https:\/\/majobikft.hu\/wp-content\/uploads\/2026\/01\/kedvezmenyezetti-infoblokk-keretes-2-1024x306.jpg 1024w, https:\/\/majobikft.hu\/wp-content\/uploads\/2026\/01\/kedvezmenyezetti-infoblokk-keretes-2-300x90.jpg 300w, https:\/\/majobikft.hu\/wp-content\/uploads\/2026\/01\/kedvezmenyezetti-infoblokk-keretes-2-768x230.jpg 768w, https:\/\/majobikft.hu\/wp-content\/uploads\/2026\/01\/kedvezmenyezetti-infoblokk-keretes-2.jpg 1504w\" sizes=\"(max-width: 1024px) 100vw, 1024px\" \/>\t\t\t\t\t\t\t\t\t\t\t\t\t\t\t<\/div>\n\t\t\t\t<\/div>\n\t\t<div class=\"elementor-element elementor-element-e8bfe04 e-flex e-con-boxed e-con e-parent\" data-id=\"e8bfe04\" data-element_type=\"container\">\n\t\t\t\t\t<div class=\"e-con-inner\">\n\t\t\t\t<div class=\"elementor-element elementor-element-1f1ca59 elementor-widget elementor-widget-image\" data-id=\"1f1ca59\" data-element_type=\"widget\" data-widget_type=\"image.default\">\n\t\t\t\t\t\t\t\t\t\t\t\t\t\t\t<img decoding=\"async\" width=\"669\" height=\"484\" src=\"https:\/\/majobikft.hu\/wp-content\/uploads\/2026\/01\/tabla.png\" class=\"attachment-large size-large wp-image-437\" alt=\"\" srcset=\"https:\/\/majobikft.hu\/wp-content\/uploads\/2026\/01\/tabla.png 669w, https:\/\/majobikft.hu\/wp-content\/uploads\/2026\/01\/tabla-300x217.png 300w\" sizes=\"(max-width: 669px) 100vw, 669px\" \/>\t\t\t\t\t\t\t\t\t\t\t\t\t\t\t<\/div>\n\t\t\t\t\t<\/div>\n\t\t\t\t<\/div>\n\t\t<div class=\"elementor-element elementor-element-dfbc653 e-flex e-con-boxed e-con e-parent\" data-id=\"dfbc653\" data-element_type=\"container\">\n\t\t\t\t\t<div class=\"e-con-inner\">\n\t\t\t\t<div class=\"elementor-element elementor-element-edc6383 elementor-widget elementor-widget-text-editor\" data-id=\"edc6383\" data-element_type=\"widget\" data-widget_type=\"text-editor.default\">\n\t\t\t\t\t\t\t\t\t<h3><strong>GINOP_PLUSZ-1.2.4-25-2025-01809 &#8211; Mikro- \u00e9s kisv\u00e1llalkoz\u00e1sok t\u00e1mogat\u00e1sa a<\/strong><br \/><strong>legh\u00e1tr\u00e1nyosabb helyzet\u0171 r\u00e9gi\u00f3kban, illetve a Szabad V\u00e1llalkoz\u00e1si Z\u00f3n\u00e1kban<\/strong><\/h3><p>A MAJ\u00d3BI Kft technol\u00f3giai fejleszt\u00e9se<br \/>Projekt azonos\u00edt\u00f3ja: GINOP_PLUSZ-1.2.4-25-2025-01809<br \/>Kedvezm\u00e9nyezett neve: MAJ\u00d3BI Kereskedelmi \u00e9s Szolg\u00e1ltat\u00f3 Korl\u00e1tolt Felel\u0151ss\u00e9g\u0171<br \/>T\u00e1rsas\u00e1g<br \/>Fejleszt\u00e9s t\u00e1rgya: A MAJ\u00d3BI Kft technol\u00f3giai fejleszt\u00e9se<br \/>Szerz\u0151d\u00f6tt t\u00e1mogat\u00e1s \u00f6sszege: 11 172\u00a0227 Ft<br \/>Projekt \u00f6sszk\u00f6lts\u00e9ge: 22 344 455 Ft<br \/>Projekt tervezett befejez\u00e9si d\u00e1tuma: 2026.11.30.<br \/>Projekt tartalm\u00e1nak r\u00e9szletes bemutat\u00e1sa:<\/p><h4><br \/>Technol\u00f3giai fejleszt\u00e9sek<\/h4><p>A fejleszt\u00e9si projekt keret\u00e9ben megval\u00f3s\u00edtani k\u00edv\u00e1nt technol\u00f3giai korszer\u0171s\u00edt\u00e9s a v\u00e1llalkoz\u00e1s hossz\u00fa t\u00e1v\u00fa n\u00f6veked\u00e9si \u00e9s versenyk\u00e9pess\u00e9gi strat\u00e9gi\u00e1j\u00e1nak kulcsfontoss\u00e1g\u00fa eleme. A DeTTM UNIV 2500 t\u00edpus\u00fa CNC mar\u00f3g\u00e9p, valamint a Bobcat G25NXP t\u00edpus\u00fa homlokvill\u00e1s targonca beszerz\u00e9se egyar\u00e1nt szolg\u00e1lja a gy\u00e1rt\u00e1si kapacit\u00e1s b\u0151v\u00edt\u00e9s\u00e9t, a term\u00e9kmin\u0151s\u00e9g jav\u00edt\u00e1s\u00e1t, valamint az er\u0151forr\u00e1s-hat\u00e9konys\u00e1g n\u00f6vel\u00e9s\u00e9t.<br \/>A v\u00e1llalkoz\u00e1s egyik meghat\u00e1roz\u00f3 tev\u00e9kenys\u00e9gi k\u00f6re a h\u0171t\u0151- \u00e9s f\u0171t\u0151panelek gy\u00e1rt\u00e1sa, amely az ut\u00f3bbi \u00e9vekben dinamikusan fejl\u0151d\u0151 ipar\u00e1gk\u00e9nt jelentkezik a piacon. A k\u00f6rnyezettudatos energiafelhaszn\u00e1l\u00e1s, valamint az intelligens otthonok \u00e9s ipari rendszerek t\u00e9rnyer\u00e9se jelent\u0151sen n\u00f6veli az ilyen t\u00edpus\u00fa, energiatakar\u00e9kos f\u0171t\u00e9si-h\u0171t\u00e9si megold\u00e1sok ir\u00e1nti keresletet \u2013 mind lakoss\u00e1gi, mind ipari felhaszn\u00e1l\u00e1s eset\u00e9ben. A v\u00e1llalkoz\u00e1s e kereslet kiel\u00e9g\u00edt\u00e9s\u00e9t c\u00e9lz\u00f3 t\u00f6rekv\u00e9sei csak akkor val\u00f3s\u00edthat\u00f3k meg fenntarthat\u00f3 m\u00f3don, ha a gy\u00e1rt\u00e1si technol\u00f3gi\u00e1k megfelelnek a mai kor k\u00f6vetelm\u00e9nyeinek, \u00e9s lehet\u0151v\u00e9 teszik a nagy sorozatban t\u00f6rt\u00e9n\u0151, megb\u00edzhat\u00f3 \u00e9s prec\u00edz alkatr\u00e9szgy\u00e1rt\u00e1st.<br \/>A fejleszt\u00e9s eredm\u00e9nyek\u00e9nt pontosabb, gyorsabb gy\u00e1rt\u00e1s ker\u00fcl bevezet\u00e9sre, a vev\u0151i ig\u00e9nyekhez rugalmasabban igazod\u00f3 gy\u00e1rt\u00e1si rugalmass\u00e1g megval\u00f3sul, \u00e9s jelent\u0151sen b\u0151v\u00fclhet a kiszolg\u00e1lhat\u00f3 \u00fcgyf\u00e9lk\u00f6r.<br \/>A v\u00e1llalkoz\u00e1s c\u00e9lpiaca a fejleszt\u00e9st k\u00f6vet\u0151en k\u00e9t f\u0151 szegmensre terjed ki:<\/p><ol><li>Lakoss\u00e1gi megrendel\u00e9sek, melyek eset\u00e9ben a v\u00e1s\u00e1rl\u00f3k gyakran egyedi m\u00e9ret\u0171, form\u00e1j\u00fa \u00e9s kivitel\u0171 h\u0171t\u0151- vagy f\u0171t\u0151panelek gy\u00e1rt\u00e1s\u00e1t ig\u00e9nylik.<\/li><li>Ipari \u00e9s kereskedelmi megrendel\u00e9sek, ahol a t\u00f6meggy\u00e1rt\u00e1s, a sorozatgy\u00e1rt\u00e1s hat\u00e9konys\u00e1ga, a pontos sz\u00e1ll\u00edt\u00e1si hat\u00e1rid\u0151k \u00e9s az \u00e1lland\u00f3 min\u0151s\u00e9g k\u00fcl\u00f6n\u00f6sen fontos t\u00e9nyez\u0151k.<\/li><\/ol><p>A v\u00e1llalkoz\u00e1s hosszabb t\u00e1von k\u00fclf\u00f6ldi piacokra t\u00f6rt\u00e9n\u0151 bel\u00e9p\u00e9st is tervez, k\u00fcl\u00f6n\u00f6sen a k\u00f6rnyez\u0151 EU-s tag\u00e1llamok ir\u00e1ny\u00e1ba, ahol szint\u00e9n er\u0151s a kereslet az energiatakar\u00e9kos f\u0171t\u00e9si \u00e9s h\u0171t\u00e9si megold\u00e1sok ir\u00e1nt. A CNC technol\u00f3gia biztos\u00edtotta kapacit\u00e1s \u00e9s min\u0151s\u00e9g elengedhetetlen az exporttev\u00e9kenys\u00e9g elind\u00edt\u00e1s\u00e1hoz, illetve a nemzetk\u00f6zi piaci k\u00f6vetelm\u00e9nyek teljes\u00edt\u00e9s\u00e9hez.<\/p><h4><br \/>Informatikai fejleszt\u00e9sek<\/h4><p>A projekt keret\u00e9ben beszerz\u00e9sre ker\u00fcl\u0151 Elektronikus iratkezel\u00e9si rendszer \u00e9s Microsoft 365<br \/>Business Basic szoftverek a v\u00e1llalkoz\u00e1s digit\u00e1lis m\u0171k\u00f6d\u00e9s\u00e9nek alapj\u00e1t k\u00e9pezik.<br \/>Ezek a digit\u00e1lis eszk\u00f6z\u00f6k el\u0151seg\u00edtik a val\u00f3s idej\u0171 egy\u00fcttm\u0171k\u00f6d\u00e9st munkat\u00e1rsaink k\u00f6z\u00f6tt, ak\u00e1r<br \/>k\u00fcl\u00f6nb\u00f6z\u0151 eszk\u00f6z\u00f6k\u00f6n \u00e9s helysz\u00edneken, telep\u00edt\u00e9s n\u00e9lk\u00fcl, az elektronikus iratkezel\u00e9si<br \/>rendszer seg\u00edti, a k\u00fcl\u00f6nb\u00f6z\u0151 iktat\u00f3k\u00f6nyvek, dokumentumok \u00e9s a kapcsol\u00f3d\u00f3<br \/>munkafolyamatok digit\u00e1lis nyilv\u00e1ntart\u00e1s\u00e1t \u00e9s kezel\u00e9s\u00e9t.<\/p><h4>A fejleszt\u00e9s v\u00e1rhat\u00f3 eredm\u00e9nyei:<\/h4><ul><li>cs\u00f6kkenti az alv\u00e1llalkoz\u00f3i k\u00f6lts\u00e9geket,<\/li><li>n\u00f6veli a saj\u00e1t kivitelez\u00e9si kapacit\u00e1st,<\/li><li>jav\u00edtja a projektjeink \u00fctemez\u00e9s\u00e9t \u00e9s min\u0151s\u00e9g\u00e9t,<\/li><li>digitaliz\u00e1lt, hat\u00e9kony adminisztr\u00e1ci\u00f3s rendszert alak\u00edt ki,<\/li><li>gyorsabban \u00e9s rugalmasabban tud reag\u00e1lni \u00fcgyfelei ig\u00e9nyeire.<\/li><\/ul>\t\t\t\t\t\t\t\t<\/div>\n\t\t\t\t\t<\/div>\n\t\t\t\t<\/div>\n\t\t\t\t<\/div>\n\t\t","protected":false},"excerpt":{"rendered":"<p>GINOP_PLUSZ-1.2.4-25-2025-01809 &#8211; Mikro- \u00e9s kisv\u00e1llalkoz\u00e1sok t\u00e1mogat\u00e1sa alegh\u00e1tr\u00e1nyosabb helyzet\u0171 r\u00e9gi\u00f3kban, illetve a Szabad V\u00e1llalkoz\u00e1si Z\u00f3n\u00e1kban A MAJ\u00d3BI Kft technol\u00f3giai fejleszt\u00e9seProjekt azonos\u00edt\u00f3ja: [&hellip;]<\/p>\n","protected":false},"author":1,"featured_media":0,"parent":0,"menu_order":0,"comment_status":"closed","ping_status":"closed","template":"","meta":{"site-sidebar-layout":"no-sidebar","site-content-layout":"","ast-site-content-layout":"full-width-container","site-content-style":"default","site-sidebar-style":"default","ast-global-header-display":"","ast-banner-title-visibility":"","ast-main-header-display":"","ast-hfb-above-header-display":"","ast-hfb-below-header-display":"","ast-hfb-mobile-header-display":"","site-post-title":"disabled","ast-breadcrumbs-content":"","ast-featured-img":"disabled","footer-sml-layout":"","theme-transparent-header-meta":"","adv-header-id-meta":"","stick-header-meta":"","header-above-stick-meta":"","header-main-stick-meta":"","header-below-stick-meta":"","astra-migrate-meta-layouts":"default","ast-page-background-enabled":"default","ast-page-background-meta":{"desktop":{"background-color":"var(--ast-global-color-5)","background-image":"","background-repeat":"repeat","background-position":"center center","background-size":"auto","background-attachment":"scroll","background-type":"","background-media":"","overlay-type":"","overlay-color":"","overlay-opacity":"","overlay-gradient":""},"tablet":{"background-color":"","background-image":"","background-repeat":"repeat","background-position":"center center","background-size":"auto","background-attachment":"scroll","background-type":"","background-media":"","overlay-type":"","overlay-color":"","overlay-opacity":"","overlay-gradient":""},"mobile":{"background-color":"","background-image":"","background-repeat":"repeat","background-position":"center center","background-size":"auto","background-attachment":"scroll","background-type":"","background-media":"","overlay-type":"","overlay-color":"","overlay-opacity":"","overlay-gradient":""}},"ast-content-background-meta":{"desktop":{"background-color":"var(--ast-global-color-4)","background-image":"","background-repeat":"repeat","background-position":"center center","background-size":"auto","background-attachment":"scroll","background-type":"","background-media":"","overlay-type":"","overlay-color":"","overlay-opacity":"","overlay-gradient":""},"tablet":{"background-color":"var(--ast-global-color-4)","background-image":"","background-repeat":"repeat","background-position":"center center","background-size":"auto","background-attachment":"scroll","background-type":"","background-media":"","overlay-type":"","overlay-color":"","overlay-opacity":"","overlay-gradient":""},"mobile":{"background-color":"var(--ast-global-color-4)","background-image":"","background-repeat":"repeat","background-position":"center center","background-size":"auto","background-attachment":"scroll","background-type":"","background-media":"","overlay-type":"","overlay-color":"","overlay-opacity":"","overlay-gradient":""}},"footnotes":""},"class_list":["post-431","page","type-page","status-publish","hentry"],"yoast_head":"<!-- This site is optimized with the Yoast SEO plugin v26.7 - https:\/\/yoast.com\/wordpress\/plugins\/seo\/ -->\n<title>EU p\u00e1ly\u00e1zataink - Maj\u00f3bi Kft.<\/title>\n<meta name=\"robots\" content=\"index, follow, max-snippet:-1, max-image-preview:large, max-video-preview:-1\" \/>\n<link rel=\"canonical\" href=\"https:\/\/majobikft.hu\/?page_id=431\" \/>\n<meta property=\"og:locale\" content=\"hu_HU\" \/>\n<meta property=\"og:type\" content=\"article\" \/>\n<meta property=\"og:title\" content=\"EU p\u00e1ly\u00e1zataink - Maj\u00f3bi Kft.\" \/>\n<meta property=\"og:description\" content=\"GINOP_PLUSZ-1.2.4-25-2025-01809 &#8211; Mikro- \u00e9s kisv\u00e1llalkoz\u00e1sok t\u00e1mogat\u00e1sa alegh\u00e1tr\u00e1nyosabb helyzet\u0171 r\u00e9gi\u00f3kban, illetve a Szabad V\u00e1llalkoz\u00e1si Z\u00f3n\u00e1kban A MAJ\u00d3BI Kft technol\u00f3giai fejleszt\u00e9seProjekt azonos\u00edt\u00f3ja: [&hellip;]\" \/>\n<meta property=\"og:url\" content=\"https:\/\/majobikft.hu\/?page_id=431\" \/>\n<meta property=\"og:site_name\" content=\"Maj\u00f3bi Kft.\" \/>\n<meta property=\"article:modified_time\" content=\"2026-01-09T20:40:33+00:00\" \/>\n<meta property=\"og:image\" content=\"https:\/\/majobikft.hu\/wp-content\/uploads\/2026\/01\/kedvezmenyezetti-infoblokk-keretes-2.jpg\" \/>\n\t<meta property=\"og:image:width\" content=\"1504\" \/>\n\t<meta property=\"og:image:height\" content=\"450\" \/>\n\t<meta property=\"og:image:type\" content=\"image\/jpeg\" \/>\n<meta name=\"twitter:card\" content=\"summary_large_image\" \/>\n<meta name=\"twitter:label1\" content=\"Becs\u00fclt olvas\u00e1si id\u0151\" \/>\n\t<meta name=\"twitter:data1\" content=\"3 perc\" \/>\n<script type=\"application\/ld+json\" class=\"yoast-schema-graph\">{\"@context\":\"https:\/\/schema.org\",\"@graph\":[{\"@type\":\"WebPage\",\"@id\":\"https:\/\/majobikft.hu\/?page_id=431\",\"url\":\"https:\/\/majobikft.hu\/?page_id=431\",\"name\":\"EU p\u00e1ly\u00e1zataink - Maj\u00f3bi Kft.\",\"isPartOf\":{\"@id\":\"https:\/\/majobikft.hu\/#website\"},\"primaryImageOfPage\":{\"@id\":\"https:\/\/majobikft.hu\/?page_id=431#primaryimage\"},\"image\":{\"@id\":\"https:\/\/majobikft.hu\/?page_id=431#primaryimage\"},\"thumbnailUrl\":\"https:\/\/majobikft.hu\/wp-content\/uploads\/2026\/01\/kedvezmenyezetti-infoblokk-keretes-2-1024x306.jpg\",\"datePublished\":\"2026-01-09T20:30:03+00:00\",\"dateModified\":\"2026-01-09T20:40:33+00:00\",\"breadcrumb\":{\"@id\":\"https:\/\/majobikft.hu\/?page_id=431#breadcrumb\"},\"inLanguage\":\"hu\",\"potentialAction\":[{\"@type\":\"ReadAction\",\"target\":[\"https:\/\/majobikft.hu\/?page_id=431\"]}]},{\"@type\":\"ImageObject\",\"inLanguage\":\"hu\",\"@id\":\"https:\/\/majobikft.hu\/?page_id=431#primaryimage\",\"url\":\"https:\/\/majobikft.hu\/wp-content\/uploads\/2026\/01\/kedvezmenyezetti-infoblokk-keretes-2.jpg\",\"contentUrl\":\"https:\/\/majobikft.hu\/wp-content\/uploads\/2026\/01\/kedvezmenyezetti-infoblokk-keretes-2.jpg\",\"width\":1504,\"height\":450},{\"@type\":\"BreadcrumbList\",\"@id\":\"https:\/\/majobikft.hu\/?page_id=431#breadcrumb\",\"itemListElement\":[{\"@type\":\"ListItem\",\"position\":1,\"name\":\"Kezd\u0151lap\",\"item\":\"https:\/\/majobikft.hu\/\"},{\"@type\":\"ListItem\",\"position\":2,\"name\":\"EU p\u00e1ly\u00e1zataink\"}]},{\"@type\":\"WebSite\",\"@id\":\"https:\/\/majobikft.hu\/#website\",\"url\":\"https:\/\/majobikft.hu\/\",\"name\":\"Maj\u00f3bi Kft.\",\"description\":\"\",\"publisher\":{\"@id\":\"https:\/\/majobikft.hu\/#organization\"},\"potentialAction\":[{\"@type\":\"SearchAction\",\"target\":{\"@type\":\"EntryPoint\",\"urlTemplate\":\"https:\/\/majobikft.hu\/?s={search_term_string}\"},\"query-input\":{\"@type\":\"PropertyValueSpecification\",\"valueRequired\":true,\"valueName\":\"search_term_string\"}}],\"inLanguage\":\"hu\"},{\"@type\":\"Organization\",\"@id\":\"https:\/\/majobikft.hu\/#organization\",\"name\":\"Maj\u00f3bi Kft.\",\"url\":\"https:\/\/majobikft.hu\/\",\"logo\":{\"@type\":\"ImageObject\",\"inLanguage\":\"hu\",\"@id\":\"https:\/\/majobikft.hu\/#\/schema\/logo\/image\/\",\"url\":\"https:\/\/majobikft.hu\/wp-content\/uploads\/2025\/08\/image.png\",\"contentUrl\":\"https:\/\/majobikft.hu\/wp-content\/uploads\/2025\/08\/image.png\",\"width\":1024,\"height\":1024,\"caption\":\"Maj\u00f3bi Kft.\"},\"image\":{\"@id\":\"https:\/\/majobikft.hu\/#\/schema\/logo\/image\/\"}}]}<\/script>\n<!-- \/ Yoast SEO plugin. -->","yoast_head_json":{"title":"EU p\u00e1ly\u00e1zataink - Maj\u00f3bi Kft.","robots":{"index":"index","follow":"follow","max-snippet":"max-snippet:-1","max-image-preview":"max-image-preview:large","max-video-preview":"max-video-preview:-1"},"canonical":"https:\/\/majobikft.hu\/?page_id=431","og_locale":"hu_HU","og_type":"article","og_title":"EU p\u00e1ly\u00e1zataink - Maj\u00f3bi Kft.","og_description":"GINOP_PLUSZ-1.2.4-25-2025-01809 &#8211; Mikro- \u00e9s kisv\u00e1llalkoz\u00e1sok t\u00e1mogat\u00e1sa alegh\u00e1tr\u00e1nyosabb helyzet\u0171 r\u00e9gi\u00f3kban, illetve a Szabad V\u00e1llalkoz\u00e1si Z\u00f3n\u00e1kban A MAJ\u00d3BI Kft technol\u00f3giai fejleszt\u00e9seProjekt azonos\u00edt\u00f3ja: [&hellip;]","og_url":"https:\/\/majobikft.hu\/?page_id=431","og_site_name":"Maj\u00f3bi Kft.","article_modified_time":"2026-01-09T20:40:33+00:00","og_image":[{"width":1504,"height":450,"url":"https:\/\/majobikft.hu\/wp-content\/uploads\/2026\/01\/kedvezmenyezetti-infoblokk-keretes-2.jpg","type":"image\/jpeg"}],"twitter_card":"summary_large_image","twitter_misc":{"Becs\u00fclt olvas\u00e1si id\u0151":"3 perc"},"schema":{"@context":"https:\/\/schema.org","@graph":[{"@type":"WebPage","@id":"https:\/\/majobikft.hu\/?page_id=431","url":"https:\/\/majobikft.hu\/?page_id=431","name":"EU p\u00e1ly\u00e1zataink - Maj\u00f3bi Kft.","isPartOf":{"@id":"https:\/\/majobikft.hu\/#website"},"primaryImageOfPage":{"@id":"https:\/\/majobikft.hu\/?page_id=431#primaryimage"},"image":{"@id":"https:\/\/majobikft.hu\/?page_id=431#primaryimage"},"thumbnailUrl":"https:\/\/majobikft.hu\/wp-content\/uploads\/2026\/01\/kedvezmenyezetti-infoblokk-keretes-2-1024x306.jpg","datePublished":"2026-01-09T20:30:03+00:00","dateModified":"2026-01-09T20:40:33+00:00","breadcrumb":{"@id":"https:\/\/majobikft.hu\/?page_id=431#breadcrumb"},"inLanguage":"hu","potentialAction":[{"@type":"ReadAction","target":["https:\/\/majobikft.hu\/?page_id=431"]}]},{"@type":"ImageObject","inLanguage":"hu","@id":"https:\/\/majobikft.hu\/?page_id=431#primaryimage","url":"https:\/\/majobikft.hu\/wp-content\/uploads\/2026\/01\/kedvezmenyezetti-infoblokk-keretes-2.jpg","contentUrl":"https:\/\/majobikft.hu\/wp-content\/uploads\/2026\/01\/kedvezmenyezetti-infoblokk-keretes-2.jpg","width":1504,"height":450},{"@type":"BreadcrumbList","@id":"https:\/\/majobikft.hu\/?page_id=431#breadcrumb","itemListElement":[{"@type":"ListItem","position":1,"name":"Kezd\u0151lap","item":"https:\/\/majobikft.hu\/"},{"@type":"ListItem","position":2,"name":"EU p\u00e1ly\u00e1zataink"}]},{"@type":"WebSite","@id":"https:\/\/majobikft.hu\/#website","url":"https:\/\/majobikft.hu\/","name":"Maj\u00f3bi Kft.","description":"","publisher":{"@id":"https:\/\/majobikft.hu\/#organization"},"potentialAction":[{"@type":"SearchAction","target":{"@type":"EntryPoint","urlTemplate":"https:\/\/majobikft.hu\/?s={search_term_string}"},"query-input":{"@type":"PropertyValueSpecification","valueRequired":true,"valueName":"search_term_string"}}],"inLanguage":"hu"},{"@type":"Organization","@id":"https:\/\/majobikft.hu\/#organization","name":"Maj\u00f3bi Kft.","url":"https:\/\/majobikft.hu\/","logo":{"@type":"ImageObject","inLanguage":"hu","@id":"https:\/\/majobikft.hu\/#\/schema\/logo\/image\/","url":"https:\/\/majobikft.hu\/wp-content\/uploads\/2025\/08\/image.png","contentUrl":"https:\/\/majobikft.hu\/wp-content\/uploads\/2025\/08\/image.png","width":1024,"height":1024,"caption":"Maj\u00f3bi Kft."},"image":{"@id":"https:\/\/majobikft.hu\/#\/schema\/logo\/image\/"}}]}},"_links":{"self":[{"href":"https:\/\/majobikft.hu\/index.php?rest_route=\/wp\/v2\/pages\/431","targetHints":{"allow":["GET"]}}],"collection":[{"href":"https:\/\/majobikft.hu\/index.php?rest_route=\/wp\/v2\/pages"}],"about":[{"href":"https:\/\/majobikft.hu\/index.php?rest_route=\/wp\/v2\/types\/page"}],"author":[{"embeddable":true,"href":"https:\/\/majobikft.hu\/index.php?rest_route=\/wp\/v2\/users\/1"}],"replies":[{"embeddable":true,"href":"https:\/\/majobikft.hu\/index.php?rest_route=%2Fwp%2Fv2%2Fcomments&post=431"}],"version-history":[{"count":9,"href":"https:\/\/majobikft.hu\/index.php?rest_route=\/wp\/v2\/pages\/431\/revisions"}],"predecessor-version":[{"id":443,"href":"https:\/\/majobikft.hu\/index.php?rest_route=\/wp\/v2\/pages\/431\/revisions\/443"}],"wp:attachment":[{"href":"https:\/\/majobikft.hu\/index.php?rest_route=%2Fwp%2Fv2%2Fmedia&parent=431"}],"curies":[{"name":"wp","href":"https:\/\/api.w.org\/{rel}","templated":true}]}}